{"id":7336,"date":"2023-08-18T06:48:43","date_gmt":"2023-08-18T06:48:43","guid":{"rendered":"https:\/\/firesprinklerinternational.com\/?page_id=7336"},"modified":"2026-01-05T11:20:19","modified_gmt":"2026-01-05T11:20:19","slug":"dublin-homepage","status":"publish","type":"page","link":"https:\/\/firesprinklerinternational.com\/fr\/","title":{"rendered":"Paris Homepage &#8211; English"},"content":{"rendered":"<div class=\"vc_row wpb_row vc_row-fluid vc_custom_1753084628052\"><div class=\"wpb_column vc_column_container vc_col-sm-8\"><div class=\"vc_column-inner\"><div class=\"wpb_wrapper\">\n\t<div class=\"wpb_text_column wpb_content_element  vc_custom_1753089484441\">\n\t\t<div class=\"wpb_wrapper\">\n\t\t\t<h6 dir=\"ltr\" style=\"text-align: left; text-transform: uppercase; font-size: 20px; line-height: 26px;\">Mercredi 22 et jeudi 23 avril 2026<br \/>\nH\u00f4tel et Centre de Conf\u00e9rences Paris Marriott Rive Gauche<\/h6>\n\n\t\t<\/div>\n\t<\/div>\n\n\t<div class=\"wpb_text_column wpb_content_element  vc_custom_1753082824101\">\n\t\t<div class=\"wpb_wrapper\">\n\t\t\t<div dir=\"ltr\" style=\"text-align: left;\">Fire Sprinkler International 2026 est le principal \u00e9v\u00e9nement europ\u00e9en consacr\u00e9 aux derni\u00e8res avanc\u00e9es en mati\u00e8re de syst\u00e8mes d'extinction automatique d'incendie. Il sera l'une des plus importantes conf\u00e9rences au monde, notamment sur la protection par sprinklers.<\/div>\n\n\t\t<\/div>\n\t<\/div>\n\n\t<div class=\"wpb_text_column wpb_content_element  vc_custom_1753082829716\">\n\t\t<div class=\"wpb_wrapper\">\n\t\t\t<div dir=\"ltr\" style=\"text-align: left;\">Fort du succ\u00e8s de notre conf\u00e9rence de Salzbourg 2025, qui a r\u00e9uni plus de 400 participants et 60 exposants, nous avons pr\u00e9vu un programme complet, enrichi des derni\u00e8res innovations du domaine, anim\u00e9 par 50 intervenants, explorant les derni\u00e8res avanc\u00e9es en mati\u00e8re de pr\u00e9vention et de protection des personnes et des biens contre les dangers et les cons\u00e9quences des incendies.<\/div>\n\n\t\t<\/div>\n\t<\/div>\n\n\t<div class=\"wpb_text_column wpb_content_element  vc_custom_1753082850932\">\n\t\t<div class=\"wpb_wrapper\">\n\t\t\t<div dir=\"ltr\" style=\"text-align: left;\"><i>Des informations d\u00e9taill\u00e9es suivront prochainement.<\/i><\/div>\n\n\t\t<\/div>\n\t<\/div>\n<\/div><\/div><\/div><div class=\"wpb_column vc_column_container vc_col-sm-4\"><div class=\"vc_column-inner\"><div class=\"wpb_wrapper\">\n\t<div  class=\"wpb_single_image wpb_content_element vc_align_center\">\n\t\t\n\t\t<figure class=\"wpb_wrapper vc_figure\">\n\t\t\t<a href=\"http:\/\/firesprinklerinternational.com\/wp-content\/uploads\/2025\/07\/FSIParis_sponsor_1106.pdf\" target=\"_blank\" class=\"vc_single_image-wrapper   vc_box_border_grey\"><img loading=\"lazy\" decoding=\"async\" width=\"200\" height=\"284\" src=\"https:\/\/firesprinklerinternational.com\/wp-content\/uploads\/2025\/07\/FSI_SE_2107.jpg\" class=\"vc_single_image-img attachment-full\" alt=\"\" srcset=\"https:\/\/firesprinklerinternational.com\/wp-content\/uploads\/2025\/07\/FSI_SE_2107.jpg 200w, https:\/\/firesprinklerinternational.com\/wp-content\/uploads\/2025\/07\/FSI_SE_2107-8x12.jpg 8w\" sizes=\"auto, (max-width: 200px) 100vw, 200px\" \/><\/a>\n\t\t<\/figure>\n\t<\/div>\n<div class=\"vc_btn3-container vc_btn3-center\"><a style=\"background-color:#000091; color:#ffffff;\" class=\"vc_general vc_btn3 vc_btn3-size-md vc_btn3-shape-rounded vc_btn3-style-custom vc_btn3-block\" href=\"http:\/\/firesprinklerinternational.com\/wp-content\/uploads\/2025\/07\/FSIParis_sponsor_1106.pdf\" title=\"\" target=\"_blank\">Exhibition &amp; Sponsorship Opportunities Brochure [PDF]<\/a><\/div><div class=\"vc_btn3-container vc_btn3-center\"><a style=\"background-color:#000091; color:#ffffff;\" class=\"vc_general vc_btn3 vc_btn3-size-md vc_btn3-shape-rounded vc_btn3-style-custom vc_btn3-block\" href=\"http:\/\/firesprinklerinternational.com\/wp-content\/uploads\/2026\/01\/FSI2026_programme_FRE.pdf\" title=\"\" target=\"_blank\">Programme [PDF]<\/a><\/div><\/div><\/div><\/div><\/div><div class=\"vc_row wpb_row vc_row-fluid\"><div class=\"wpb_column vc_column_container vc_col-sm-12\"><div class=\"vc_column-inner\"><div class=\"wpb_wrapper\">\n\t<div  class=\"wpb_single_image wpb_content_element vc_align_center\">\n\t\t\n\t\t<figure class=\"wpb_wrapper vc_figure\">\n\t\t\t<div class=\"vc_single_image-wrapper   vc_box_border_grey\"><img loading=\"lazy\" decoding=\"async\" width=\"1500\" height=\"581\" src=\"https:\/\/firesprinklerinternational.com\/wp-content\/uploads\/2025\/07\/cvrimage.jpg\" class=\"vc_single_image-img attachment-full\" alt=\"\" srcset=\"https:\/\/firesprinklerinternational.com\/wp-content\/uploads\/2025\/07\/cvrimage.jpg 1500w, https:\/\/firesprinklerinternational.com\/wp-content\/uploads\/2025\/07\/cvrimage-1024x397.jpg 1024w, https:\/\/firesprinklerinternational.com\/wp-content\/uploads\/2025\/07\/cvrimage-768x297.jpg 768w, https:\/\/firesprinklerinternational.com\/wp-content\/uploads\/2025\/07\/cvrimage-18x7.jpg 18w\" sizes=\"auto, (max-width: 1500px) 100vw, 1500px\" \/><\/div>\n\t\t<\/figure>\n\t<\/div>\n<\/div><\/div><\/div><\/div><div class=\"vc_row wpb_row vc_row-fluid vc_custom_1753083884118\"><div class=\"wpb_column vc_column_container vc_col-sm-4\"><div class=\"vc_column-inner\"><div class=\"wpb_wrapper\">\n\t<div class=\"wpb_text_column wpb_content_element\">\n\t\t<div class=\"wpb_wrapper\">\n\t\t\t<h6 style=\"font-size: 12px; text-align: center;\">PLATINUM SPONSOR<\/h6>\n\n\t\t<\/div>\n\t<\/div>\n\n\t<div  class=\"wpb_single_image wpb_content_element vc_align_center\">\n\t\t\n\t\t<figure class=\"wpb_wrapper vc_figure\">\n\t\t\t<div class=\"vc_single_image-wrapper   vc_box_border_grey\"><img loading=\"lazy\" decoding=\"async\" width=\"600\" height=\"227\" src=\"https:\/\/firesprinklerinternational.com\/wp-content\/uploads\/2025\/07\/platinum_Vinci-1.png\" class=\"vc_single_image-img attachment-full\" alt=\"\" srcset=\"https:\/\/firesprinklerinternational.com\/wp-content\/uploads\/2025\/07\/platinum_Vinci-1.png 600w, https:\/\/firesprinklerinternational.com\/wp-content\/uploads\/2025\/07\/platinum_Vinci-1-18x7.png 18w\" sizes=\"auto, (max-width: 600px) 100vw, 600px\" \/><\/div>\n\t\t<\/figure>\n\t<\/div>\n<\/div><\/div><\/div><div class=\"wpb_column vc_column_container vc_col-sm-4\"><div class=\"vc_column-inner\"><div class=\"wpb_wrapper\">\n\t<div class=\"wpb_text_column wpb_content_element\">\n\t\t<div class=\"wpb_wrapper\">\n\t\t\t<h6 style=\"font-size: 12px; text-align: center;\">GOLD SPONSOR<\/h6>\n\n\t\t<\/div>\n\t<\/div>\n\n\t<div  class=\"wpb_single_image wpb_content_element vc_align_center\">\n\t\t\n\t\t<figure class=\"wpb_wrapper vc_figure\">\n\t\t\t<div class=\"vc_single_image-wrapper   vc_box_border_grey\"><img loading=\"lazy\" decoding=\"async\" width=\"600\" height=\"227\" src=\"https:\/\/firesprinklerinternational.com\/wp-content\/uploads\/2025\/07\/gold_Aa.png\" class=\"vc_single_image-img attachment-full\" alt=\"\" srcset=\"https:\/\/firesprinklerinternational.com\/wp-content\/uploads\/2025\/07\/gold_Aa.png 600w, https:\/\/firesprinklerinternational.com\/wp-content\/uploads\/2025\/07\/gold_Aa-18x7.png 18w\" sizes=\"auto, (max-width: 600px) 100vw, 600px\" \/><\/div>\n\t\t<\/figure>\n\t<\/div>\n<\/div><\/div><\/div><div class=\"wpb_column vc_column_container vc_col-sm-4\"><div class=\"vc_column-inner\"><div class=\"wpb_wrapper\">\n\t<div class=\"wpb_text_column wpb_content_element\">\n\t\t<div class=\"wpb_wrapper\">\n\t\t\t<h6 style=\"font-size: 12px; text-align: center;\">GOLD SPONSOR<\/h6>\n\n\t\t<\/div>\n\t<\/div>\n\n\t<div  class=\"wpb_single_image wpb_content_element vc_align_center\">\n\t\t\n\t\t<figure class=\"wpb_wrapper vc_figure\">\n\t\t\t<div class=\"vc_single_image-wrapper   vc_box_border_grey\"><img loading=\"lazy\" decoding=\"async\" width=\"600\" height=\"227\" src=\"https:\/\/firesprinklerinternational.com\/wp-content\/uploads\/2025\/07\/gold_viking.png\" class=\"vc_single_image-img attachment-full\" alt=\"\" srcset=\"https:\/\/firesprinklerinternational.com\/wp-content\/uploads\/2025\/07\/gold_viking.png 600w, https:\/\/firesprinklerinternational.com\/wp-content\/uploads\/2025\/07\/gold_viking-18x7.png 18w\" sizes=\"auto, (max-width: 600px) 100vw, 600px\" \/><\/div>\n\t\t<\/figure>\n\t<\/div>\n<\/div><\/div><\/div><\/div>","protected":false},"excerpt":{"rendered":"Wednesday 22nd and Thursday 23rd April 2026 Paris Marriott Rive Gauche Hotel &amp; Conference Centre Fire Sprinkler International 2026 is the leading European event focusing on the latest developments in automatic fire extinguishing systems and will be one of the world's largest conferences, particularly on fire sprinkler protection. Building on the success of our Salzburg [...]","protected":false},"author":5,"featured_media":0,"parent":0,"menu_order":0,"comment_status":"closed","ping_status":"closed","template":"page-no-title","meta":{"footnotes":""},"class_list":["post-7336","page","type-page","status-publish","hentry"],"_links":{"self":[{"href":"https:\/\/firesprinklerinternational.com\/fr\/wp-json\/wp\/v2\/pages\/7336","targetHints":{"allow":["GET"]}}],"collection":[{"href":"https:\/\/firesprinklerinternational.com\/fr\/wp-json\/wp\/v2\/pages"}],"about":[{"href":"https:\/\/firesprinklerinternational.com\/fr\/wp-json\/wp\/v2\/types\/page"}],"author":[{"embeddable":true,"href":"https:\/\/firesprinklerinternational.com\/fr\/wp-json\/wp\/v2\/users\/5"}],"replies":[{"embeddable":true,"href":"https:\/\/firesprinklerinternational.com\/fr\/wp-json\/wp\/v2\/comments?post=7336"}],"version-history":[{"count":84,"href":"https:\/\/firesprinklerinternational.com\/fr\/wp-json\/wp\/v2\/pages\/7336\/revisions"}],"predecessor-version":[{"id":8682,"href":"https:\/\/firesprinklerinternational.com\/fr\/wp-json\/wp\/v2\/pages\/7336\/revisions\/8682"}],"wp:attachment":[{"href":"https:\/\/firesprinklerinternational.com\/fr\/wp-json\/wp\/v2\/media?parent=7336"}],"curies":[{"name":"wp","href":"https:\/\/api.w.org\/{rel}","templated":true}]}}