{"id":8647,"date":"2025-10-08T11:26:20","date_gmt":"2025-10-08T11:26:20","guid":{"rendered":"https:\/\/firesprinklerinternational.com\/?page_id=8647"},"modified":"2026-01-15T10:49:41","modified_gmt":"2026-01-15T10:49:41","slug":"gala-dinner","status":"publish","type":"page","link":"https:\/\/firesprinklerinternational.com\/fr\/gala-dinner\/","title":{"rendered":"D\u00eener de gala"},"content":{"rendered":"<div class=\"vc_row wpb_row vc_row-fluid vc_custom_1759922830272\"><div class=\"wpb_column vc_column_container vc_col-sm-12\"><div class=\"vc_column-inner\"><div class=\"wpb_wrapper\">\n\t<div class=\"wpb_text_column wpb_content_element\">\n\t\t<div class=\"wpb_wrapper\">\n\t\t\t<h2>D\u00eener de gala<\/h2>\n\n\t\t<\/div>\n\t<\/div>\n\n\t<div class=\"wpb_text_column wpb_content_element\">\n\t\t<div class=\"wpb_wrapper\">\n\t\t\t<p>Rejoignez-nous pour une soir\u00e9e magique sur la Seine.<\/p>\n<p>Le d\u00eener de gala est sponsoris\u00e9 par Atlantique Automatismes Incendie et aura lieu sur les Bateaux Parisiens Diamant II.<\/p>\n<p>Embarquez pour une exp\u00e9rience culinaire inoubliable avec notre d\u00eener-croisi\u00e8re sur la Seine. Savourez des mets exquis tout en naviguant au c\u0153ur de Paris. L'itin\u00e9raire soigneusement \u00e9labor\u00e9 offre une vue privil\u00e9gi\u00e9e sur des monuments embl\u00e9matiques. Admirez la r\u00e9plique de la Statue de la Libert\u00e9 et la majestueuse Tour Eiffel, symboles de l'amiti\u00e9 franco-am\u00e9ricaine et de l'innovation fran\u00e7aise.<\/p>\n<p>Poursuivez votre visite avec les Invalides, derni\u00e8re demeure de Napol\u00e9on, et l'Assembl\u00e9e nationale, gardienne de la d\u00e9mocratie fran\u00e7aise. Plus loin, le mus\u00e9e d'Orsay, l'Institut de France et la cath\u00e9drale Notre-Dame d\u00e9voilent leur architecture unique. Naviguez vers la Biblioth\u00e8que nationale de France et l'H\u00f4tel de Ville, t\u00e9moins de l'histoire et de la culture parisiennes. La Conciergerie et le mus\u00e9e du Louvre, berceaux d'art et d'histoire, la place de la Concorde, th\u00e9\u00e2tre de moments historiques, le Grand Palais, vitrine de l'excellence culturelle, l'Arc de Triomphe, hommage aux h\u00e9ros fran\u00e7ais, et enfin le Palais de Chaillot, vous plongeront dans un voyage \u00e0 travers l'\u00e9l\u00e9gance et l'histoire parisiennes. Notre croisi\u00e8re vous invite \u00e0 d\u00e9couvrir Paris sous un nouveau jour, fusion parfaite entre gastronomie et histoire.<\/p>\n\n\t\t<\/div>\n\t<\/div>\n<\/div><\/div><\/div><\/div>","protected":false},"excerpt":{"rendered":"Gala Dinner Join us for a magical night as we cruise down the Seine. This year\u2019s Gala Dinner is sponsored by Atlantique Automatismes Incendie and will take place on Bateaux Parisiens Diamant II. Embark on an unforgettable culinary experience with our dinner cruise on the Seine. Enjoy exquisite dishes while cruising through the heart of [...]","protected":false},"author":5,"featured_media":0,"parent":0,"menu_order":0,"comment_status":"closed","ping_status":"closed","template":"","meta":{"footnotes":""},"class_list":["post-8647","page","type-page","status-publish","hentry"],"_links":{"self":[{"href":"https:\/\/firesprinklerinternational.com\/fr\/wp-json\/wp\/v2\/pages\/8647","targetHints":{"allow":["GET"]}}],"collection":[{"href":"https:\/\/firesprinklerinternational.com\/fr\/wp-json\/wp\/v2\/pages"}],"about":[{"href":"https:\/\/firesprinklerinternational.com\/fr\/wp-json\/wp\/v2\/types\/page"}],"author":[{"embeddable":true,"href":"https:\/\/firesprinklerinternational.com\/fr\/wp-json\/wp\/v2\/users\/5"}],"replies":[{"embeddable":true,"href":"https:\/\/firesprinklerinternational.com\/fr\/wp-json\/wp\/v2\/comments?post=8647"}],"version-history":[{"count":3,"href":"https:\/\/firesprinklerinternational.com\/fr\/wp-json\/wp\/v2\/pages\/8647\/revisions"}],"predecessor-version":[{"id":8712,"href":"https:\/\/firesprinklerinternational.com\/fr\/wp-json\/wp\/v2\/pages\/8647\/revisions\/8712"}],"wp:attachment":[{"href":"https:\/\/firesprinklerinternational.com\/fr\/wp-json\/wp\/v2\/media?parent=8647"}],"curies":[{"name":"wp","href":"https:\/\/api.w.org\/{rel}","templated":true}]}}