{"id":8652,"date":"2025-10-27T08:32:36","date_gmt":"2025-10-27T08:32:36","guid":{"rendered":"https:\/\/firesprinklerinternational.com\/?page_id=8652"},"modified":"2025-10-27T08:37:57","modified_gmt":"2025-10-27T08:37:57","slug":"hotel-3","status":"publish","type":"page","link":"https:\/\/firesprinklerinternational.com\/fr\/hotel-3\/","title":{"rendered":"H\u00f4tel"},"content":{"rendered":"<div class=\"vc_row wpb_row vc_row-fluid\"><div class=\"wpb_column vc_column_container vc_col-sm-12\"><div class=\"vc_column-inner vc_custom_1761554076292\"><div class=\"wpb_wrapper\">\n\t<div class=\"wpb_text_column wpb_content_element\">\n\t\t<div class=\"wpb_wrapper\">\n\t\t\t<h1>H\u00f4tel<\/h1>\n\n\t\t<\/div>\n\t<\/div>\n\n\t<div class=\"wpb_text_column wpb_content_element\">\n\t\t<div class=\"wpb_wrapper\">\n\t\t\t<p>Le congr\u00e8s Fire Sprinkler International 2026 se tiendra \u00e0 l'h\u00f4tel Paris Marriott Rive Gauche Hotel &amp; Conference Center, dans le 14e arrondissement.<\/p>\n<p>Nous proposons un tarif pr\u00e9f\u00e9rentiel pour un nombre limit\u00e9 de chambres \u00e0 nos exposants et participants ; cliquez ici pour en b\u00e9n\u00e9ficier.<\/p>\n<div class=\"wp-block-buttons is-layout-flex wp-block-buttons-is-layout-flex\">\n<div class=\"wp-block-button\"><a class=\"wp-block-button__link wp-element-button\" href=\"https:\/\/book.passkey.com\/event\/51131920\/owner\/5528\/landing\">Hotel Bookings<\/a><\/div>\n<\/div>\n\n\t\t<\/div>\n\t<\/div>\n\n\t<div  class=\"wpb_single_image wpb_content_element vc_align_left\">\n\t\t\n\t\t<figure class=\"wpb_wrapper vc_figure\">\n\t\t\t<div class=\"vc_single_image-wrapper   vc_box_border_grey\"><img loading=\"lazy\" decoding=\"async\" width=\"700\" height=\"394\" src=\"https:\/\/firesprinklerinternational.com\/wp-content\/uploads\/2025\/10\/hotel2.jpg\" class=\"vc_single_image-img attachment-full\" alt=\"\" srcset=\"https:\/\/firesprinklerinternational.com\/wp-content\/uploads\/2025\/10\/hotel2.jpg 700w, https:\/\/firesprinklerinternational.com\/wp-content\/uploads\/2025\/10\/hotel2-18x10.jpg 18w\" sizes=\"auto, (max-width: 700px) 100vw, 700px\" \/><\/div>\n\t\t<\/figure>\n\t<\/div>\n<\/div><\/div><\/div><\/div>","protected":false},"excerpt":{"rendered":"Hotel Fire Sprinkler International 2026 will take place at the\u00a0Paris Marriott Rive Gauche Hotel &amp; Conference Center, in the south of the city. We have a special rate for a limited number of hotel rooms for our exhibitors and delegates, which is available here. Hotel Bookings","protected":false},"author":5,"featured_media":0,"parent":0,"menu_order":0,"comment_status":"closed","ping_status":"closed","template":"","meta":{"footnotes":""},"class_list":["post-8652","page","type-page","status-publish","hentry"],"_links":{"self":[{"href":"https:\/\/firesprinklerinternational.com\/fr\/wp-json\/wp\/v2\/pages\/8652","targetHints":{"allow":["GET"]}}],"collection":[{"href":"https:\/\/firesprinklerinternational.com\/fr\/wp-json\/wp\/v2\/pages"}],"about":[{"href":"https:\/\/firesprinklerinternational.com\/fr\/wp-json\/wp\/v2\/types\/page"}],"author":[{"embeddable":true,"href":"https:\/\/firesprinklerinternational.com\/fr\/wp-json\/wp\/v2\/users\/5"}],"replies":[{"embeddable":true,"href":"https:\/\/firesprinklerinternational.com\/fr\/wp-json\/wp\/v2\/comments?post=8652"}],"version-history":[{"count":4,"href":"https:\/\/firesprinklerinternational.com\/fr\/wp-json\/wp\/v2\/pages\/8652\/revisions"}],"predecessor-version":[{"id":8658,"href":"https:\/\/firesprinklerinternational.com\/fr\/wp-json\/wp\/v2\/pages\/8652\/revisions\/8658"}],"wp:attachment":[{"href":"https:\/\/firesprinklerinternational.com\/fr\/wp-json\/wp\/v2\/media?parent=8652"}],"curies":[{"name":"wp","href":"https:\/\/api.w.org\/{rel}","templated":true}]}}