{"id":8670,"date":"2025-11-23T08:01:20","date_gmt":"2025-11-23T08:01:20","guid":{"rendered":"https:\/\/firesprinklerinternational.com\/?page_id=8670"},"modified":"2026-04-08T10:50:45","modified_gmt":"2026-04-08T10:50:45","slug":"registration","status":"publish","type":"page","link":"https:\/\/firesprinklerinternational.com\/fr\/registration\/","title":{"rendered":"Registration"},"content":{"rendered":"<div class=\"vc_row wpb_row vc_row-fluid vc_custom_1768474936434 vc_row-has-fill\"><div class=\"wpb_column vc_column_container vc_col-sm-12\"><div class=\"vc_column-inner vc_custom_1763884961122\"><div class=\"wpb_wrapper\">\n\t<div class=\"wpb_text_column wpb_content_element\">\n\t\t<div class=\"wpb_wrapper\">\n\t\t\t<h3 style=\"text-align: center;\">Registration Links<\/h3>\n\n\t\t<\/div>\n\t<\/div>\n<div class=\"vc_row wpb_row vc_inner vc_row-fluid\"><div class=\"wpb_column vc_column_container vc_col-sm-3\"><div class=\"vc_column-inner\"><div class=\"wpb_wrapper\"><\/div><\/div><\/div><div class=\"wpb_column vc_column_container vc_col-sm-3\"><div class=\"vc_column-inner\"><div class=\"wpb_wrapper\"><div class=\"vc_btn3-container vc_btn3-center\"><button class=\"vc_general vc_btn3 vc_btn3-size-lg vc_btn3-shape-rounded vc_btn3-style-modern vc_btn3-color-blue\">Delegate Pass - Sold Out!<\/button><\/div><\/div><\/div><\/div><div class=\"wpb_column vc_column_container vc_col-sm-3\"><div class=\"vc_column-inner\"><div class=\"wpb_wrapper\"><div class=\"vc_btn3-container vc_btn3-center\"><a class=\"vc_general vc_btn3 vc_btn3-size-lg vc_btn3-shape-rounded vc_btn3-style-modern vc_btn3-color-blue\" href=\"#\" title=\"\" target=\"_blank\">Gala Dinner - Sold Out!<\/a><\/div><\/div><\/div><\/div><div class=\"wpb_column vc_column_container vc_col-sm-3\"><div class=\"vc_column-inner\"><div class=\"wpb_wrapper\"><\/div><\/div><\/div><\/div><\/div><\/div><\/div><\/div><div class=\"vc_row wpb_row vc_row-fluid\"><div class=\"wpb_column vc_column_container vc_col-sm-12\"><div class=\"vc_column-inner\"><div class=\"wpb_wrapper\">\n\t<div class=\"wpb_text_column wpb_content_element  vc_custom_1764528979571\">\n\t\t<div class=\"wpb_wrapper\">\n\t\t\t<h2 dir=\"ltr\" style=\"text-align: center;\"><span data-redactor-span=\"true\" data-redactor-style-cache=\"font-size:18px;\">Mercredi 22 et jeudi 23 avril 2026<\/span><\/h2>\n<h3 style=\"text-align: center;\"><span data-redactor-span=\"true\" data-redactor-style-cache=\"font-size:18px;\"><br \/>\nH\u00f4tel et Centre de Conf\u00e9rences Paris Marriott Rive Gauche<\/span><\/h3>\n<h4 style=\"text-align: center;\">Fire Sprinkler International 2026 est le principal \u00e9v\u00e9nement europ\u00e9en consacr\u00e9 aux derni\u00e8res innovations en mati\u00e8re de syst\u00e8mes d'extinction automatique d'incendie et figurera parmi les plus grandes conf\u00e9rences mondiales, notamment sur la protection par sprinklers.<\/h4>\n<p style=\"text-align: center;\">Le billet d\u00e9l\u00e9gu\u00e9 \/ l\u2019inscription individuelle pour deux jours comprend:<\/p>\n<p style=\"text-align: center;\">Acc\u00e8s \u00e0 la conf\u00e9rence les 22 et 23 avril 2026.<\/p>\n<p style=\"text-align: center;\">Pauses caf\u00e9 et d\u00e9jeuner les deux jours.<\/p>\n<p style=\"text-align: center;\">Acc\u00e8s \u00e0 la soir\u00e9e de r\u00e9seautage \/ d\u2019\u00e9changes du 22 avril (avec boissons et collations).<\/p>\n<p style=\"text-align: center;\">Documents de conf\u00e9rence : programme imprim\u00e9, dossier et sac<\/p>\n<p style=\"text-align: center;\">Inscription sur l'application de la conf\u00e9rence.<\/p>\n<p style=\"text-align: center;\">Acc\u00e8s aux pr\u00e9sentations au format PDF apr\u00e8s la conf\u00e9rence.<\/p>\n<p style=\"text-align: center;\">Acc\u00e8s aux photos de la conf\u00e9rence.<\/p>\n<p style=\"text-align: center;\">Interpr\u00e9tation automatique anglais-fran\u00e7ais.<\/p>\n\n\t\t<\/div>\n\t<\/div>\n<\/div><\/div><\/div><\/div>","protected":false},"excerpt":{"rendered":"Registration Links Delegate Pass - Sold Out!Gala Dinner - Sold Out! Wednesday 22nd and Thursday 23rd April 2026 Paris Marriott Rive Gauche Hotel &amp; Conference Centre Fire Sprinkler International 2026 is the leading European event focusing on the latest developments in automatic fire extinguishing systems and will be one of the world\u2019s largest conferences, particularly [...]","protected":false},"author":5,"featured_media":0,"parent":0,"menu_order":0,"comment_status":"closed","ping_status":"closed","template":"","meta":{"footnotes":""},"class_list":["post-8670","page","type-page","status-publish","hentry"],"_links":{"self":[{"href":"https:\/\/firesprinklerinternational.com\/fr\/wp-json\/wp\/v2\/pages\/8670","targetHints":{"allow":["GET"]}}],"collection":[{"href":"https:\/\/firesprinklerinternational.com\/fr\/wp-json\/wp\/v2\/pages"}],"about":[{"href":"https:\/\/firesprinklerinternational.com\/fr\/wp-json\/wp\/v2\/types\/page"}],"author":[{"embeddable":true,"href":"https:\/\/firesprinklerinternational.com\/fr\/wp-json\/wp\/v2\/users\/5"}],"replies":[{"embeddable":true,"href":"https:\/\/firesprinklerinternational.com\/fr\/wp-json\/wp\/v2\/comments?post=8670"}],"version-history":[{"count":16,"href":"https:\/\/firesprinklerinternational.com\/fr\/wp-json\/wp\/v2\/pages\/8670\/revisions"}],"predecessor-version":[{"id":8808,"href":"https:\/\/firesprinklerinternational.com\/fr\/wp-json\/wp\/v2\/pages\/8670\/revisions\/8808"}],"wp:attachment":[{"href":"https:\/\/firesprinklerinternational.com\/fr\/wp-json\/wp\/v2\/media?parent=8670"}],"curies":[{"name":"wp","href":"https:\/\/api.w.org\/{rel}","templated":true}]}}